{"id":16,"date":"2023-10-31T19:10:32","date_gmt":"2023-10-31T18:10:32","guid":{"rendered":"http:\/\/laurencebecker.com\/?page_id=16"},"modified":"2025-06-08T21:05:36","modified_gmt":"2025-06-08T19:05:36","slug":"commandes-albums","status":"publish","type":"page","link":"https:\/\/laurencebecker.com\/index.php\/commandes-albums\/","title":{"rendered":"Commandes Albums"},"content":{"rendered":"\n<p class=\"has-text-align-center\"><\/p>\n\n\n\n<div class=\"wp-block-media-text alignwide is-stacked-on-mobile\" style=\"grid-template-columns:33% auto\"><figure class=\"wp-block-media-text__media\"><img loading=\"lazy\" decoding=\"async\" width=\"1024\" height=\"1024\" src=\"http:\/\/laurencebecker.com\/wp-content\/uploads\/2023\/10\/laurence-becker-guitare_titre-3423px-HD-1024x1024.jpg\" alt=\"\" class=\"wp-image-47 size-full\" srcset=\"https:\/\/laurencebecker.com\/wp-content\/uploads\/2023\/10\/laurence-becker-guitare_titre-3423px-HD-1024x1024.jpg 1024w, https:\/\/laurencebecker.com\/wp-content\/uploads\/2023\/10\/laurence-becker-guitare_titre-3423px-HD-300x300.jpg 300w, https:\/\/laurencebecker.com\/wp-content\/uploads\/2023\/10\/laurence-becker-guitare_titre-3423px-HD-150x150.jpg 150w, https:\/\/laurencebecker.com\/wp-content\/uploads\/2023\/10\/laurence-becker-guitare_titre-3423px-HD-768x768.jpg 768w, https:\/\/laurencebecker.com\/wp-content\/uploads\/2023\/10\/laurence-becker-guitare_titre-3423px-HD-1536x1536.jpg 1536w, https:\/\/laurencebecker.com\/wp-content\/uploads\/2023\/10\/laurence-becker-guitare_titre-3423px-HD-2048x2048.jpg 2048w\" sizes=\"auto, (max-width: 1024px) 100vw, 1024px\" \/><\/figure><div class=\"wp-block-media-text__content\">\n<p><strong>Pour commander un album<\/strong><br>Nom Pr\u00e9nom <br>Votre adresse <br>Mail (facultatif &#8211; si vous souhaitez des infos) <br>Modes de r\u00e8glement : <br>&#8211; ch\u00e8que bancaire \u00e0 l&rsquo;ordre de \u00ab\u00a0Laurence Becker\u00a0\u00bb \u00e0 envoyer \u00e0 :<br>A.C.C.F &#8211; 10, Chemin des Dames &#8211; 57340 MORHANGE<br>Merci et bonne \u00e9coute<\/p>\n\n\n\n<p><strong><br><\/strong><\/p>\n<\/div><\/div>\n\n\n\n<div class=\"wp-block-media-text alignwide is-stacked-on-mobile\" style=\"grid-template-columns:20% auto\"><figure class=\"wp-block-media-text__media\"><img loading=\"lazy\" decoding=\"async\" width=\"856\" height=\"856\" src=\"http:\/\/laurencebecker.com\/wp-content\/uploads\/2023\/10\/laurence-becker-la_branche-3680px-HD-1.webp\" alt=\"\" class=\"wp-image-13 size-full\" srcset=\"https:\/\/laurencebecker.com\/wp-content\/uploads\/2023\/10\/laurence-becker-la_branche-3680px-HD-1.webp 856w, https:\/\/laurencebecker.com\/wp-content\/uploads\/2023\/10\/laurence-becker-la_branche-3680px-HD-1-300x300.webp 300w, https:\/\/laurencebecker.com\/wp-content\/uploads\/2023\/10\/laurence-becker-la_branche-3680px-HD-1-150x150.webp 150w, https:\/\/laurencebecker.com\/wp-content\/uploads\/2023\/10\/laurence-becker-la_branche-3680px-HD-1-768x768.webp 768w\" sizes=\"auto, (max-width: 856px) 100vw, 856px\" \/><\/figure><div class=\"wp-block-media-text__content\">\n<p class=\"has-vivid-red-color has-text-color\"><strong>La Branche &#8211; 2023<\/strong><\/p>\n\n\n\n<p>11 chansons<br>15 \u20ac<\/p>\n<\/div><\/div>\n\n\n\n<div class=\"wp-block-media-text alignwide is-stacked-on-mobile\" style=\"grid-template-columns:20% auto\"><figure class=\"wp-block-media-text__media\"><img loading=\"lazy\" decoding=\"async\" width=\"1024\" height=\"1024\" src=\"http:\/\/laurencebecker.com\/wp-content\/uploads\/2023\/10\/pochette2-qmcs-3000-1024x1024.png\" alt=\"\" class=\"wp-image-30 size-full\" srcset=\"https:\/\/laurencebecker.com\/wp-content\/uploads\/2023\/10\/pochette2-qmcs-3000-1024x1024.png 1024w, https:\/\/laurencebecker.com\/wp-content\/uploads\/2023\/10\/pochette2-qmcs-3000-300x300.png 300w, https:\/\/laurencebecker.com\/wp-content\/uploads\/2023\/10\/pochette2-qmcs-3000-150x150.png 150w, https:\/\/laurencebecker.com\/wp-content\/uploads\/2023\/10\/pochette2-qmcs-3000-768x768.png 768w, https:\/\/laurencebecker.com\/wp-content\/uploads\/2023\/10\/pochette2-qmcs-3000-1536x1536.png 1536w, https:\/\/laurencebecker.com\/wp-content\/uploads\/2023\/10\/pochette2-qmcs-3000-2048x2048.png 2048w\" sizes=\"auto, (max-width: 1024px) 100vw, 1024px\" \/><\/figure><div class=\"wp-block-media-text__content\">\n<p class=\"has-vivid-red-color has-text-color\"><strong>Quand mon c\u0153ur s&#8217;emballe &#8211; 2021<\/strong><\/p>\n\n\n\n<p>12 chansons<br>15 \u20ac<\/p>\n<\/div><\/div>\n\n\n\n<div class=\"wp-block-media-text alignwide is-stacked-on-mobile\" style=\"grid-template-columns:20% auto\"><figure class=\"wp-block-media-text__media\"><img loading=\"lazy\" decoding=\"async\" width=\"1024\" height=\"1024\" src=\"http:\/\/laurencebecker.com\/wp-content\/uploads\/2023\/10\/pochette-pdn-3000x3000-1-1024x1024.jpg\" alt=\"\" class=\"wp-image-31 size-full\" srcset=\"https:\/\/laurencebecker.com\/wp-content\/uploads\/2023\/10\/pochette-pdn-3000x3000-1-1024x1024.jpg 1024w, https:\/\/laurencebecker.com\/wp-content\/uploads\/2023\/10\/pochette-pdn-3000x3000-1-300x300.jpg 300w, https:\/\/laurencebecker.com\/wp-content\/uploads\/2023\/10\/pochette-pdn-3000x3000-1-150x150.jpg 150w, https:\/\/laurencebecker.com\/wp-content\/uploads\/2023\/10\/pochette-pdn-3000x3000-1-768x768.jpg 768w, https:\/\/laurencebecker.com\/wp-content\/uploads\/2023\/10\/pochette-pdn-3000x3000-1-1536x1536.jpg 1536w, https:\/\/laurencebecker.com\/wp-content\/uploads\/2023\/10\/pochette-pdn-3000x3000-1-2048x2048.jpg 2048w\" sizes=\"auto, (max-width: 1024px) 100vw, 1024px\" \/><\/figure><div class=\"wp-block-media-text__content\">\n<p class=\"has-vivid-red-color has-text-color\"><strong>Pieds de Nez &#8211; 2019 <\/strong><\/p>\n\n\n\n<p>12 chansons<br>12 \u20ac<\/p>\n<\/div><\/div>\n\n\n\n<div class=\"wp-block-media-text alignwide is-stacked-on-mobile\" style=\"grid-template-columns:20% auto\"><figure class=\"wp-block-media-text__media\"><img loading=\"lazy\" decoding=\"async\" width=\"493\" height=\"441\" src=\"http:\/\/laurencebecker.com\/wp-content\/uploads\/2023\/10\/pochette-Bouffe-dairs.jpg\" alt=\"\" class=\"wp-image-32 size-full\" srcset=\"https:\/\/laurencebecker.com\/wp-content\/uploads\/2023\/10\/pochette-Bouffe-dairs.jpg 493w, https:\/\/laurencebecker.com\/wp-content\/uploads\/2023\/10\/pochette-Bouffe-dairs-300x268.jpg 300w\" sizes=\"auto, (max-width: 493px) 100vw, 493px\" \/><\/figure><div class=\"wp-block-media-text__content\">\n<p class=\"has-vivid-red-color has-text-color\"><strong>Bouff\u00e9e d&rsquo;Airs &#8211; 2016<\/strong><\/p>\n\n\n\n<p>12 chansons<br>12 \u20ac<\/p>\n<\/div><\/div>\n\n\n\n<div class=\"wp-block-media-text alignwide is-stacked-on-mobile\" style=\"grid-template-columns:20% auto\"><figure class=\"wp-block-media-text__media\"><img loading=\"lazy\" decoding=\"async\" width=\"1007\" height=\"920\" src=\"http:\/\/laurencebecker.com\/wp-content\/uploads\/2023\/11\/received_354392343756442.jpeg\" alt=\"\" class=\"wp-image-270 size-full\" srcset=\"https:\/\/laurencebecker.com\/wp-content\/uploads\/2023\/11\/received_354392343756442.jpeg 1007w, https:\/\/laurencebecker.com\/wp-content\/uploads\/2023\/11\/received_354392343756442-300x274.jpeg 300w, https:\/\/laurencebecker.com\/wp-content\/uploads\/2023\/11\/received_354392343756442-768x702.jpeg 768w\" sizes=\"auto, (max-width: 1007px) 100vw, 1007px\" \/><\/figure><div class=\"wp-block-media-text__content\">\n<p class=\"has-vivid-red-color has-text-color\"><strong>Au Royaume de R\u00ea &#8211; D\u00e9c 2023<\/strong><\/p>\n\n\n\n<p>10 chansons et 11 Musiques Orchestrales<br>12 \u20ac<\/p>\n<\/div><\/div>\n\n\n\n<div class=\"wp-block-media-text alignwide is-stacked-on-mobile\" style=\"grid-template-columns:20% auto\"><figure class=\"wp-block-media-text__media\"><img loading=\"lazy\" decoding=\"async\" width=\"574\" height=\"598\" src=\"http:\/\/laurencebecker.com\/wp-content\/uploads\/2023\/11\/aar-couverture-2.png\" alt=\"\" class=\"wp-image-66 size-full\" srcset=\"https:\/\/laurencebecker.com\/wp-content\/uploads\/2023\/11\/aar-couverture-2.png 574w, https:\/\/laurencebecker.com\/wp-content\/uploads\/2023\/11\/aar-couverture-2-288x300.png 288w\" sizes=\"auto, (max-width: 574px) 100vw, 574px\" \/><\/figure><div class=\"wp-block-media-text__content\">\n<p class=\"has-vivid-red-color has-text-color\"><strong>Au Royaume de R\u00ea<\/strong> &#8211; <strong>Version livre conte  &#8211; 2023<\/strong><\/p>\n\n\n\n<p>En format livre 27 x 27 avec lien QR code vers l&rsquo;histoire, la musique et les chansons. <br>Prix \u00e9diteur, au lieu de 35,90 \u20ac :<br>30 \u20ac le livre<br>55 \u20ac les deux livres<br>75 \u20ac les 3trois livres<br><a href=\"https:\/\/www.editions-nous-l-yron.com\/\">https:\/\/www.editions-nous-l-yron.com\/<\/a><\/p>\n\n\n\n<p>(CD disponible avec les musiques et chansons)<\/p>\n<\/div><\/div>\n\n\n\n<div class=\"wp-block-media-text alignwide is-stacked-on-mobile\" style=\"grid-template-columns:20% auto\"><figure class=\"wp-block-media-text__media\"><img loading=\"lazy\" decoding=\"async\" width=\"1024\" height=\"1024\" src=\"http:\/\/laurencebecker.com\/wp-content\/uploads\/2023\/11\/pochette-tdv-1024x1024.jpg\" alt=\"\" class=\"wp-image-187 size-full\" srcset=\"https:\/\/laurencebecker.com\/wp-content\/uploads\/2023\/11\/pochette-tdv-1024x1024.jpg 1024w, https:\/\/laurencebecker.com\/wp-content\/uploads\/2023\/11\/pochette-tdv-300x300.jpg 300w, https:\/\/laurencebecker.com\/wp-content\/uploads\/2023\/11\/pochette-tdv-150x150.jpg 150w, https:\/\/laurencebecker.com\/wp-content\/uploads\/2023\/11\/pochette-tdv-768x768.jpg 768w, https:\/\/laurencebecker.com\/wp-content\/uploads\/2023\/11\/pochette-tdv-1536x1536.jpg 1536w, https:\/\/laurencebecker.com\/wp-content\/uploads\/2023\/11\/pochette-tdv-2048x2048.jpg 2048w\" sizes=\"auto, (max-width: 1024px) 100vw, 1024px\" \/><\/figure><div class=\"wp-block-media-text__content\">\n<p class=\"has-vivid-red-color has-text-color\"><strong>Tronches de vie &#8211; 2008<\/strong><\/p>\n\n\n\n<p>12 chansons<br>Epuis\u00e9<\/p>\n<\/div><\/div>\n","protected":false},"excerpt":{"rendered":"<p>Pour commander un albumNom Pr\u00e9nom Votre adresse Mail (facultatif &#8211; si vous souhaitez des infos) Modes de r\u00e8glement : &#8211; ch\u00e8que bancaire \u00e0 l&rsquo;ordre de \u00ab\u00a0Laurence Becker\u00a0\u00bb \u00e0 envoyer \u00e0 :A.C.C.F &#8211; 10, Chemin des Dames &#8211; 57340 MORHANGEMerci et bonne \u00e9coute La Branche &#8211; 2023 11 chansons15 \u20ac Quand mon c\u0153ur s&#8217;emballe &#8211; 2021 [&hellip;]<\/p>\n","protected":false},"author":1,"featured_media":0,"parent":0,"menu_order":6,"comment_status":"closed","ping_status":"closed","template":"","meta":{"footnotes":""},"class_list":["post-16","page","type-page","status-publish","hentry"],"_links":{"self":[{"href":"https:\/\/laurencebecker.com\/index.php\/wp-json\/wp\/v2\/pages\/16","targetHints":{"allow":["GET"]}}],"collection":[{"href":"https:\/\/laurencebecker.com\/index.php\/wp-json\/wp\/v2\/pages"}],"about":[{"href":"https:\/\/laurencebecker.com\/index.php\/wp-json\/wp\/v2\/types\/page"}],"author":[{"embeddable":true,"href":"https:\/\/laurencebecker.com\/index.php\/wp-json\/wp\/v2\/users\/1"}],"replies":[{"embeddable":true,"href":"https:\/\/laurencebecker.com\/index.php\/wp-json\/wp\/v2\/comments?post=16"}],"version-history":[{"count":26,"href":"https:\/\/laurencebecker.com\/index.php\/wp-json\/wp\/v2\/pages\/16\/revisions"}],"predecessor-version":[{"id":438,"href":"https:\/\/laurencebecker.com\/index.php\/wp-json\/wp\/v2\/pages\/16\/revisions\/438"}],"wp:attachment":[{"href":"https:\/\/laurencebecker.com\/index.php\/wp-json\/wp\/v2\/media?parent=16"}],"curies":[{"name":"wp","href":"https:\/\/api.w.org\/{rel}","templated":true}]}}