{"id":42,"date":"2023-10-31T19:49:48","date_gmt":"2023-10-31T18:49:48","guid":{"rendered":"https:\/\/laurencebecker.com\/?page_id=42"},"modified":"2026-02-12T19:06:59","modified_gmt":"2026-02-12T18:06:59","slug":"en-scene","status":"publish","type":"page","link":"https:\/\/laurencebecker.com\/index.php\/en-scene\/","title":{"rendered":"En sc\u00e8ne"},"content":{"rendered":"\n<h3 class=\"wp-block-heading has-foreground-color has-text-color\"><strong>Formules de concerts<\/strong><\/h3>\n\n\n\n<div class=\"wp-block-media-text alignwide has-media-on-the-right is-stacked-on-mobile\"><div class=\"wp-block-media-text__content\">\n<p><strong>Laurence Becker<\/strong>, <strong>\u00ab\u00a0Mon c\u0153ur s&#8217;emballe\u00a0\u00bb<\/strong><\/p>\n\n\n\n<p>Ce tour de chant est une relecture intime et inspir\u00e9e de ses compositions. Dans chaque chanson, on trouve une nouvelle r\u00e9sonance, cr\u00e9ant un moment de partage unique.<br><br><strong>Laurence Becker<\/strong> : Chant, guitare<br><strong>Patrick Odasso<\/strong> : piano, clarinette, saxo<br><strong>Marc Zimmer <\/strong>: Guitare Basse<br><strong>Joan Barthez <\/strong>: percussions<\/p>\n<\/div><figure class=\"wp-block-media-text__media\"><img loading=\"lazy\" decoding=\"async\" width=\"1024\" height=\"1024\" src=\"http:\/\/laurencebecker.com\/wp-content\/uploads\/2025\/12\/Screenshot_2025-11-05-23-56-43-81_965bbf4d18d205f782c6b8409c5773a42-1-1024x1024.png\" alt=\"\" class=\"wp-image-507 size-full\" srcset=\"https:\/\/laurencebecker.com\/wp-content\/uploads\/2025\/12\/Screenshot_2025-11-05-23-56-43-81_965bbf4d18d205f782c6b8409c5773a42-1-1024x1024.png 1024w, https:\/\/laurencebecker.com\/wp-content\/uploads\/2025\/12\/Screenshot_2025-11-05-23-56-43-81_965bbf4d18d205f782c6b8409c5773a42-1-300x300.png 300w, https:\/\/laurencebecker.com\/wp-content\/uploads\/2025\/12\/Screenshot_2025-11-05-23-56-43-81_965bbf4d18d205f782c6b8409c5773a42-1-150x150.png 150w, https:\/\/laurencebecker.com\/wp-content\/uploads\/2025\/12\/Screenshot_2025-11-05-23-56-43-81_965bbf4d18d205f782c6b8409c5773a42-1-768x768.png 768w, https:\/\/laurencebecker.com\/wp-content\/uploads\/2025\/12\/Screenshot_2025-11-05-23-56-43-81_965bbf4d18d205f782c6b8409c5773a42-1-1536x1536.png 1536w, https:\/\/laurencebecker.com\/wp-content\/uploads\/2025\/12\/Screenshot_2025-11-05-23-56-43-81_965bbf4d18d205f782c6b8409c5773a42-1.png 2048w\" sizes=\"auto, (max-width: 1024px) 100vw, 1024px\" \/><\/figure><\/div>\n\n\n\n<div class=\"wp-block-media-text alignwide is-stacked-on-mobile\"><figure class=\"wp-block-media-text__media\"><img loading=\"lazy\" decoding=\"async\" width=\"453\" height=\"251\" src=\"http:\/\/laurencebecker.com\/wp-content\/uploads\/2023\/11\/LBBBBB1_JPG.webp\" alt=\"\" class=\"wp-image-126 size-full\" srcset=\"https:\/\/laurencebecker.com\/wp-content\/uploads\/2023\/11\/LBBBBB1_JPG.webp 453w, https:\/\/laurencebecker.com\/wp-content\/uploads\/2023\/11\/LBBBBB1_JPG-300x166.webp 300w\" sizes=\"auto, (max-width: 453px) 100vw, 453px\" \/><\/figure><div class=\"wp-block-media-text__content\">\n<p><strong>Laurence Becker et R\u00e9gis Cunin<\/strong><\/p>\n\n\n\n<p>Un duo qui fonctionne et qui fait mouche. Les deux complices se produisent sur les sc\u00e8nes en France mais aussi \u00e0 l&rsquo;\u00e9tranger avec un r\u00e9pertoire de leurs chansons et des chansons du patrimoine fran\u00e7ais.<br>Deux voix qui s&rsquo;harmonisent parfaitement, un beau moment de partage.<br>Ils se&nbsp;sont&nbsp;rencontr\u00e9s en 1994,  plus de 30 ans de complicit\u00e9 sur sc\u00e8ne.&nbsp;<\/p>\n<\/div><\/div>\n\n\n\n<div class=\"wp-block-media-text alignwide has-media-on-the-right is-stacked-on-mobile\"><div class=\"wp-block-media-text__content\">\n<p>\u00ab\u00a0<strong>\u00c7a nous tient \u00e0 c\u0153ur<\/strong>\u00a0\u00bb <\/p>\n\n\n\n<p class=\"has-text-align-left\">Une rencontre po\u00e9tique et musicale entre<br>Laurence Becker et Thierry Chapelle. <br>Chansons originales, textes in\u00e9dits et hommages aux grands de la chanson se m\u00ealent pour un spectacle intime et chaleureux. <br>Entre \u00e9motion, humanit\u00e9 et complicit\u00e9, une parenth\u00e8se hors du temps vous attend.<\/p>\n<\/div><figure class=\"wp-block-media-text__media\"><img loading=\"lazy\" decoding=\"async\" width=\"798\" height=\"391\" src=\"https:\/\/laurencebecker.com\/wp-content\/uploads\/2026\/01\/affiche-et-communication.png\" alt=\"\" class=\"wp-image-528 size-full\" srcset=\"https:\/\/laurencebecker.com\/wp-content\/uploads\/2026\/01\/affiche-et-communication.png 798w, https:\/\/laurencebecker.com\/wp-content\/uploads\/2026\/01\/affiche-et-communication-300x147.png 300w, https:\/\/laurencebecker.com\/wp-content\/uploads\/2026\/01\/affiche-et-communication-768x376.png 768w\" sizes=\"auto, (max-width: 798px) 100vw, 798px\" \/><\/figure><\/div>\n\n\n\n<div class=\"wp-block-media-text alignwide is-stacked-on-mobile\"><figure class=\"wp-block-media-text__media\"><img loading=\"lazy\" decoding=\"async\" width=\"472\" height=\"492\" src=\"https:\/\/laurencebecker.com\/wp-content\/uploads\/2025\/11\/brassens.jpg\" alt=\"\" class=\"wp-image-484 size-full\" srcset=\"https:\/\/laurencebecker.com\/wp-content\/uploads\/2025\/11\/brassens.jpg 472w, https:\/\/laurencebecker.com\/wp-content\/uploads\/2025\/11\/brassens-288x300.jpg 288w\" sizes=\"auto, (max-width: 472px) 100vw, 472px\" \/><\/figure><div class=\"wp-block-media-text__content\">\n<p><strong>J&rsquo;ai RDV avec Brassens<\/strong><\/p>\n\n\n\n<p>Une visite des&nbsp;\u0153uvres&nbsp;de Brassens des premiers titres aux titres posthumes, un hommage vibrant revisitant ses chansons avec passion et authenticit\u00e9. Entre po\u00e9sie, humour et m\u00e9lodies intemporelles, le trio invite le public \u00e0 red\u00e9couvrir l\u2019univers du grand po\u00e8te \u00e0 travers des interpr\u00e9tations fid\u00e8les ou revisit\u00e9es, dans une ambiance chaleureuse et conviviale.<br><strong>Laurence Becker<\/strong> : chant<br><strong>R\u00e9gis Cunin<\/strong> : chant, guitare<br><strong>Laurent Payfert<\/strong> : contrebasse\u200b<\/p>\n<\/div><\/div>\n\n\n\n<p><\/p>\n\n\n\n<div class=\"wp-block-media-text alignwide has-media-on-the-right is-stacked-on-mobile\"><div class=\"wp-block-media-text__content\">\n<p><strong>Trois petites notes de musique<\/strong> <\/p>\n\n\n\n<p>Chansons r\u00e9tros : De Georges Ulmer \u00e0 Georges Brassens, d&rsquo;Yvette Guilbert \u00e0 Charles Trenet en passant par F\u00e9lix Leclerc, Bruand, Georgius, B\u00e9art, Salvador et Bourvil, &#8230;&nbsp;<br>Tout un bouquet de chansons inoubliables et de refrains&nbsp;que l&rsquo;on a plaisir \u00e0 fredonner en&nbsp;ch\u0153ur.. &nbsp;<br>Prenez le fiacre,&nbsp;rue St Vincent et rendez vous au bois de Chaville pour&nbsp;la plus bath des javas&nbsp; !<\/p>\n<\/div><figure class=\"wp-block-media-text__media\"><img loading=\"lazy\" decoding=\"async\" width=\"734\" height=\"1024\" src=\"http:\/\/laurencebecker.com\/wp-content\/uploads\/2025\/12\/seniors-734x1024.jpg\" alt=\"\" class=\"wp-image-505 size-full\" srcset=\"https:\/\/laurencebecker.com\/wp-content\/uploads\/2025\/12\/seniors-734x1024.jpg 734w, https:\/\/laurencebecker.com\/wp-content\/uploads\/2025\/12\/seniors-215x300.jpg 215w, https:\/\/laurencebecker.com\/wp-content\/uploads\/2025\/12\/seniors-768x1071.jpg 768w, https:\/\/laurencebecker.com\/wp-content\/uploads\/2025\/12\/seniors.jpg 1080w\" sizes=\"auto, (max-width: 734px) 100vw, 734px\" \/><\/figure><\/div>\n\n\n\n<p><\/p>\n\n\n\n<p>\u200b<\/p>\n\n\n\n<div class=\"wp-block-media-text alignwide is-stacked-on-mobile\"><figure class=\"wp-block-media-text__media\"><img loading=\"lazy\" decoding=\"async\" width=\"622\" height=\"585\" src=\"https:\/\/laurencebecker.com\/wp-content\/uploads\/2025\/12\/vign-mlf-1.jpg\" alt=\"\" class=\"wp-image-519 size-full\" srcset=\"https:\/\/laurencebecker.com\/wp-content\/uploads\/2025\/12\/vign-mlf-1.jpg 622w, https:\/\/laurencebecker.com\/wp-content\/uploads\/2025\/12\/vign-mlf-1-300x282.jpg 300w\" sizes=\"auto, (max-width: 622px) 100vw, 622px\" \/><\/figure><div class=\"wp-block-media-text__content\">\n<p><strong>Plut\u00f4t Maxime<\/strong> <\/p>\n\n\n\n<p class=\"has-text-align-left\">Retrouvez l\u2019univers po\u00e9tique et engag\u00e9 de Maxime Le Forestier. \u00c0 travers des reprises d\u00e9licates et inspir\u00e9es, revisitez ses plus belles chansons. <br>Avec des arrangements subtils et une interpr\u00e9tation sinc\u00e8re, le  trio cr\u00e9e une atmosph\u00e8re intimiste et chaleureuse, invitant le public \u00e0 un voyage musical empreint d\u2019\u00e9motion et de nostalgie.<br><strong>Laurence Becker <\/strong>: chant<br><strong>Jean Louis Appr\u00e9d\u00e9ris<\/strong> : chant<br><strong>R\u00e9gis Cunin<\/strong> : chant, guitare<\/p>\n<\/div><\/div>\n\n\n\n<div class=\"wp-block-media-text alignwide has-media-on-the-right is-stacked-on-mobile\"><div class=\"wp-block-media-text__content\">\n<p><strong>Alors, on chante !<\/strong> \ud83c\udfb6<\/p>\n\n\n\n<p>Un moment de convivialit\u00e9 et d&rsquo;\u00e9motion avec \u00ab\u00a0Alors, on chante !\u00a0\u00bb, un r\u00e9cital qui c\u00e9l\u00e8bre les plus belles chansons du patrimoine fran\u00e7ais.<br>Plongez dans un voyage musical \u00e0 travers un r\u00e9pertoire intemporel, o\u00f9 petits et grands prendront plaisir \u00e0 fredonner des airs familiers, \u00e0 red\u00e9couvrir des classiques inoubliables et \u00e0 savourer une parenth\u00e8se musicales pleine de souvenirs et d&rsquo;\u00e9motions.  Une prestation cl\u00e9 en mains.<\/p>\n\n\n\n<p><\/p>\n<\/div><figure class=\"wp-block-media-text__media\"><img loading=\"lazy\" decoding=\"async\" width=\"1024\" height=\"768\" src=\"https:\/\/laurencebecker.com\/wp-content\/uploads\/2025\/12\/Screenshot_2025-10-30-11-25-09-47_40deb401b9ffe8e1df2f1cc5ba480b12-1-1-1024x768.png\" alt=\"\" class=\"wp-image-509 size-full\" srcset=\"https:\/\/laurencebecker.com\/wp-content\/uploads\/2025\/12\/Screenshot_2025-10-30-11-25-09-47_40deb401b9ffe8e1df2f1cc5ba480b12-1-1-1024x768.png 1024w, https:\/\/laurencebecker.com\/wp-content\/uploads\/2025\/12\/Screenshot_2025-10-30-11-25-09-47_40deb401b9ffe8e1df2f1cc5ba480b12-1-1-300x225.png 300w, https:\/\/laurencebecker.com\/wp-content\/uploads\/2025\/12\/Screenshot_2025-10-30-11-25-09-47_40deb401b9ffe8e1df2f1cc5ba480b12-1-1-768x576.png 768w, https:\/\/laurencebecker.com\/wp-content\/uploads\/2025\/12\/Screenshot_2025-10-30-11-25-09-47_40deb401b9ffe8e1df2f1cc5ba480b12-1-1-1536x1152.png 1536w, https:\/\/laurencebecker.com\/wp-content\/uploads\/2025\/12\/Screenshot_2025-10-30-11-25-09-47_40deb401b9ffe8e1df2f1cc5ba480b12-1-1.png 2048w\" sizes=\"auto, (max-width: 1024px) 100vw, 1024px\" \/><\/figure><\/div>\n\n\n\n<p><\/p>\n\n\n\n<div class=\"wp-block-media-text alignwide is-stacked-on-mobile\" style=\"grid-template-columns:34% auto\"><figure class=\"wp-block-media-text__media\"><img loading=\"lazy\" decoding=\"async\" width=\"841\" height=\"1024\" src=\"http:\/\/laurencebecker.com\/wp-content\/uploads\/2025\/01\/Screenshot_2025-01-31-20-56-44-38_1c337646f29875672b5a61192b9010f9-1-841x1024.jpg\" alt=\"\" class=\"wp-image-406 size-full\" srcset=\"https:\/\/laurencebecker.com\/wp-content\/uploads\/2025\/01\/Screenshot_2025-01-31-20-56-44-38_1c337646f29875672b5a61192b9010f9-1-841x1024.jpg 841w, https:\/\/laurencebecker.com\/wp-content\/uploads\/2025\/01\/Screenshot_2025-01-31-20-56-44-38_1c337646f29875672b5a61192b9010f9-1-246x300.jpg 246w, https:\/\/laurencebecker.com\/wp-content\/uploads\/2025\/01\/Screenshot_2025-01-31-20-56-44-38_1c337646f29875672b5a61192b9010f9-1-768x935.jpg 768w, https:\/\/laurencebecker.com\/wp-content\/uploads\/2025\/01\/Screenshot_2025-01-31-20-56-44-38_1c337646f29875672b5a61192b9010f9-1.jpg 1078w\" sizes=\"auto, (max-width: 841px) 100vw, 841px\" \/><\/figure><div class=\"wp-block-media-text__content\">\n<p><strong>Petites Notes, Grands sourires <\/strong><br><strong>Ateliers pour s\u00e9niors <\/strong>\ud83c\udfb6<\/p>\n\n\n\n<p>Un moment de partage et de bonne humeur, o\u00f9 l&rsquo;on chante, fabrique et on d\u00e9couvre la musique ensemble. <br><strong>Animations musicales <\/strong>: elles permettent de red\u00e9couvrir les chansons d&rsquo;hier et d&rsquo;aujourd&rsquo;hui, r\u00e9veiller les souvenirs et stimuler la m\u00e9moire. <br><strong>Chant et expression vocale : <\/strong>Chorale, karaok\u00e9 et chant collectif pour exprimer ses \u00e9motions et renforcer les liens sociaux. <br><strong>D\u00e9couverte des Instruments de musique :<\/strong> Une exp\u00e9rience tactile et sonore qui favorise la coordination et l&rsquo;expression non verbale.<\/p>\n\n\n\n<p>Un atelier convivial o\u00f9 musique est comme un lien, simple et joyeux.<br><br><\/p>\n\n\n\n<p><\/p>\n<\/div><\/div>\n","protected":false},"excerpt":{"rendered":"<p>Formules de concerts Laurence Becker, \u00ab\u00a0Mon c\u0153ur s&#8217;emballe\u00a0\u00bb Ce tour de chant est une relecture intime et inspir\u00e9e de ses compositions. Dans chaque chanson, on trouve une nouvelle r\u00e9sonance, cr\u00e9ant un moment de partage unique. Laurence Becker : Chant, guitarePatrick Odasso : piano, clarinette, saxoMarc Zimmer : Guitare BasseJoan Barthez : percussions Laurence Becker et [&hellip;]<\/p>\n","protected":false},"author":1,"featured_media":0,"parent":0,"menu_order":4,"comment_status":"closed","ping_status":"closed","template":"","meta":{"footnotes":""},"class_list":["post-42","page","type-page","status-publish","hentry"],"_links":{"self":[{"href":"https:\/\/laurencebecker.com\/index.php\/wp-json\/wp\/v2\/pages\/42","targetHints":{"allow":["GET"]}}],"collection":[{"href":"https:\/\/laurencebecker.com\/index.php\/wp-json\/wp\/v2\/pages"}],"about":[{"href":"https:\/\/laurencebecker.com\/index.php\/wp-json\/wp\/v2\/types\/page"}],"author":[{"embeddable":true,"href":"https:\/\/laurencebecker.com\/index.php\/wp-json\/wp\/v2\/users\/1"}],"replies":[{"embeddable":true,"href":"https:\/\/laurencebecker.com\/index.php\/wp-json\/wp\/v2\/comments?post=42"}],"version-history":[{"count":48,"href":"https:\/\/laurencebecker.com\/index.php\/wp-json\/wp\/v2\/pages\/42\/revisions"}],"predecessor-version":[{"id":553,"href":"https:\/\/laurencebecker.com\/index.php\/wp-json\/wp\/v2\/pages\/42\/revisions\/553"}],"wp:attachment":[{"href":"https:\/\/laurencebecker.com\/index.php\/wp-json\/wp\/v2\/media?parent=42"}],"curies":[{"name":"wp","href":"https:\/\/api.w.org\/{rel}","templated":true}]}}