{"id":48,"date":"2023-10-31T20:23:13","date_gmt":"2023-10-31T19:23:13","guid":{"rendered":"https:\/\/laurencebecker.com\/?page_id=48"},"modified":"2025-12-01T18:49:01","modified_gmt":"2025-12-01T17:49:01","slug":"organiser-un-concert","status":"publish","type":"page","link":"https:\/\/laurencebecker.com\/index.php\/organiser-un-concert\/","title":{"rendered":"Organiser un concert"},"content":{"rendered":"\n<div class=\"wp-block-media-text alignwide has-media-on-the-right is-stacked-on-mobile\" style=\"grid-template-columns:auto 30%\"><div class=\"wp-block-media-text__content\">\n<p class=\"has-vivid-red-color has-text-color\"><strong>Comment l&rsquo;organiser et combien \u00e7a co\u00fbte ? <\/strong><\/p>\n\n\n\n<p>Contactez nous pour conna\u00eetre nos tarifs. <br>Ceux-ci sont abordables, adapt\u00e9s \u00e0 toutes les bourses. <br>Nous vous proposerons une formule personnalis\u00e9e et ad\u00e9quate,<strong> sp\u00e9cialement pour vous.&nbsp;<\/strong><\/p>\n<\/div><figure class=\"wp-block-media-text__media\"><img loading=\"lazy\" decoding=\"async\" width=\"1024\" height=\"768\" src=\"http:\/\/laurencebecker.com\/wp-content\/uploads\/2023\/11\/TELEPHONE-1024x768.jpg\" alt=\"\" class=\"wp-image-236 size-full\" srcset=\"https:\/\/laurencebecker.com\/wp-content\/uploads\/2023\/11\/TELEPHONE-1024x768.jpg 1024w, https:\/\/laurencebecker.com\/wp-content\/uploads\/2023\/11\/TELEPHONE-300x225.jpg 300w, https:\/\/laurencebecker.com\/wp-content\/uploads\/2023\/11\/TELEPHONE-768x576.jpg 768w, https:\/\/laurencebecker.com\/wp-content\/uploads\/2023\/11\/TELEPHONE-1536x1152.jpg 1536w, https:\/\/laurencebecker.com\/wp-content\/uploads\/2023\/11\/TELEPHONE-2048x1536.jpg 2048w\" sizes=\"auto, (max-width: 1024px) 100vw, 1024px\" \/><\/figure><\/div>\n\n\n\n<p><br><\/p>\n\n\n\n<div class=\"wp-block-media-text alignwide is-stacked-on-mobile\" style=\"grid-template-columns:30% auto\"><figure class=\"wp-block-media-text__media\"><img loading=\"lazy\" decoding=\"async\" width=\"1024\" height=\"767\" src=\"http:\/\/laurencebecker.com\/wp-content\/uploads\/2023\/11\/19-1024x767.jpg\" alt=\"\" class=\"wp-image-226 size-full\" srcset=\"https:\/\/laurencebecker.com\/wp-content\/uploads\/2023\/11\/19-1024x767.jpg 1024w, https:\/\/laurencebecker.com\/wp-content\/uploads\/2023\/11\/19-300x225.jpg 300w, https:\/\/laurencebecker.com\/wp-content\/uploads\/2023\/11\/19-768x575.jpg 768w, https:\/\/laurencebecker.com\/wp-content\/uploads\/2023\/11\/19.jpg 1284w\" sizes=\"auto, (max-width: 1024px) 100vw, 1024px\" \/><\/figure><div class=\"wp-block-media-text__content\">\n<p class=\"has-vivid-red-color has-text-color\"><strong>Concerts publics<\/strong><\/p>\n\n\n\n<p><strong>Des formules de concert souples et accessibles, pens\u00e9es pour s\u2019adapter \u00e0 toutes les envies.<\/strong><br>Que vous organisiez un \u00e9v\u00e9nement dans une salle de spectacle, une salle polyvalente, chez vous, dans un jardin, un salon ou une v\u00e9randa, nous avons une solution pour vous. Nos propositions sont simples, modulables, et s\u2019ajustent \u00e0 votre budget, \u00e0 votre public et au lieu choisi.<br>Contactez nous : nous construirons ensemble une offre personnalis\u00e9e, en accord avec vos besoins et vos possibilit\u00e9s.<\/p>\n<\/div><\/div>\n\n\n\n<div class=\"wp-block-media-text alignwide is-stacked-on-mobile\" style=\"grid-template-columns:30% auto\"><figure class=\"wp-block-media-text__media\"><img loading=\"lazy\" decoding=\"async\" width=\"1024\" height=\"1024\" src=\"http:\/\/laurencebecker.com\/wp-content\/uploads\/2023\/11\/20230321_220411-COLLAGE-1024x1024.jpg\" alt=\"\" class=\"wp-image-224 size-full\" srcset=\"https:\/\/laurencebecker.com\/wp-content\/uploads\/2023\/11\/20230321_220411-COLLAGE-1024x1024.jpg 1024w, https:\/\/laurencebecker.com\/wp-content\/uploads\/2023\/11\/20230321_220411-COLLAGE-300x300.jpg 300w, https:\/\/laurencebecker.com\/wp-content\/uploads\/2023\/11\/20230321_220411-COLLAGE-150x150.jpg 150w, https:\/\/laurencebecker.com\/wp-content\/uploads\/2023\/11\/20230321_220411-COLLAGE-768x768.jpg 768w, https:\/\/laurencebecker.com\/wp-content\/uploads\/2023\/11\/20230321_220411-COLLAGE-1536x1536.jpg 1536w, https:\/\/laurencebecker.com\/wp-content\/uploads\/2023\/11\/20230321_220411-COLLAGE-2048x2048.jpg 2048w\" sizes=\"auto, (max-width: 1024px) 100vw, 1024px\" \/><\/figure><div class=\"wp-block-media-text__content\">\n<p class=\"has-vivid-red-color has-text-color\"><strong>Concerts \u00e0 domicile, dans votre garage, votre jardin, votre salle \u00e0 manger ?<\/strong><\/p>\n\n\n\n<p><strong>Laurence Becker s&rsquo;invite chez vous pour un moment musical inoubliable !<\/strong><br>Elle vous propose une formule simple et chaleureuse :<br>\u00ab J\u2019arrive avec ma guitare, mes chansons et ma bonne humeur. Vous ouvrez votre porte \u00e0 vos amis, vos voisins, votre famille \u2013 bref, \u00e0 tous ceux que vous avez envie de rassembler. <br>Chacun contribue librement dans le chapeau, et c\u2019est parti pour une belle soir\u00e9e en musique et en convivialit\u00e9 ! \u00bb<\/p>\n<\/div><\/div>\n\n\n\n<div class=\"wp-block-media-text alignwide has-media-on-the-right is-stacked-on-mobile\" style=\"grid-template-columns:auto 30%\"><div class=\"wp-block-media-text__content\">\n<p class=\"has-vivid-red-color has-text-color\"><strong>Animations musicales<\/strong> <\/p>\n\n\n\n<p><strong>Un moment musical cl\u00e9 en main<\/strong> : <br>Dans les maisons de retraite, EHPAD, clubs seniors, h\u00f4pitaux, \u00e9coles ou \u00e9tablissements sp\u00e9cialis\u00e9s, le concert est  adapt\u00e9 \u00e0 votre public. Une formule simple, conviviale et sans contrainte technique : elle vient avec sa guitare, ses chansons et toute sa bonne humeur pour offrir un moment de partage et d\u2019\u00e9motion \u00e0 vos r\u00e9sidents ou usagers.<\/p>\n<\/div><figure class=\"wp-block-media-text__media\"><img loading=\"lazy\" decoding=\"async\" width=\"456\" height=\"467\" src=\"https:\/\/laurencebecker.com\/wp-content\/uploads\/2025\/12\/seniors-1.jpg\" alt=\"\" class=\"wp-image-512 size-full\" srcset=\"https:\/\/laurencebecker.com\/wp-content\/uploads\/2025\/12\/seniors-1.jpg 456w, https:\/\/laurencebecker.com\/wp-content\/uploads\/2025\/12\/seniors-1-293x300.jpg 293w\" sizes=\"auto, (max-width: 456px) 100vw, 456px\" \/><\/figure><\/div>\n\n\n\n<h4 class=\"wp-block-heading has-vivid-red-color has-text-color\"><strong>Contact Sc\u00e8ne :<\/strong><\/h4>\n\n\n\n<p>09 72 90 93 69 &#8211; 06 83 58 08 93<br>laurencebecker@live.fr<\/p>\n\n\n\n<h4 class=\"wp-block-heading has-vivid-red-color has-text-color\"><strong>Fiche technique<\/strong>  <\/h4>\n\n\n\n<p>La sonorisation fait aussi partie de nos prestations possibles <\/p>\n\n\n\n<p><br><strong>SONORISATION CONFIGURATION SOLO :<\/strong><\/p>\n\n\n\n<ul class=\"wp-block-list\">\n<li>1 micro SM 58 chant (sur pied perche ou HF)<\/li>\n\n\n\n<li>1 boite de direct \/ guitare<\/li>\n<\/ul>\n\n\n\n<p><br><strong>SONORISATION CONFIGURATION TRIO :<\/strong><\/p>\n\n\n\n<ul class=\"wp-block-list\">\n<li>2 micros SM58 chant (sur pied perche ou HF)<\/li>\n\n\n\n<li>1 boite de direct \/ guitare<\/li>\n\n\n\n<li>1 boite de direct ou micro pour une &nbsp;contrebasse<\/li>\n\n\n\n<li>1 boite de direct \/ piano<\/li>\n<\/ul>\n\n\n\n<p><strong>LUMIERES  :<\/strong>&nbsp;<br>Ambiance intimiste ambr\u00e9e. Pas d&rsquo;effets stroboscopiques.<br>Priorit\u00e9 \u00e0 une mise en valeur naturelle des musiciens<\/p>\n\n\n\n<p>Projecteurs de face :<\/p>\n\n\n\n<ul class=\"wp-block-list\">\n<li>Contrejour : 2 ambiances PC ou PAR en 180 et 195.<\/li>\n\n\n\n<li>1 ambiance plateau en Lee filters 152 + 1 ambiance plateau en lee filters 201<\/li>\n\n\n\n<li>3 ponctuels sur musiciens en douche, PC ou&nbsp;d\u00e9coupe<\/li>\n<\/ul>\n\n\n\n<p><\/p>\n","protected":false},"excerpt":{"rendered":"<p>Comment l&rsquo;organiser et combien \u00e7a co\u00fbte ? Contactez nous pour conna\u00eetre nos tarifs. Ceux-ci sont abordables, adapt\u00e9s \u00e0 toutes les bourses. Nous vous proposerons une formule personnalis\u00e9e et ad\u00e9quate, sp\u00e9cialement pour vous.&nbsp; Concerts publics Des formules de concert souples et accessibles, pens\u00e9es pour s\u2019adapter \u00e0 toutes les envies.Que vous organisiez un \u00e9v\u00e9nement dans une salle [&hellip;]<\/p>\n","protected":false},"author":1,"featured_media":0,"parent":0,"menu_order":9,"comment_status":"closed","ping_status":"closed","template":"","meta":{"footnotes":""},"class_list":["post-48","page","type-page","status-publish","hentry"],"_links":{"self":[{"href":"https:\/\/laurencebecker.com\/index.php\/wp-json\/wp\/v2\/pages\/48","targetHints":{"allow":["GET"]}}],"collection":[{"href":"https:\/\/laurencebecker.com\/index.php\/wp-json\/wp\/v2\/pages"}],"about":[{"href":"https:\/\/laurencebecker.com\/index.php\/wp-json\/wp\/v2\/types\/page"}],"author":[{"embeddable":true,"href":"https:\/\/laurencebecker.com\/index.php\/wp-json\/wp\/v2\/users\/1"}],"replies":[{"embeddable":true,"href":"https:\/\/laurencebecker.com\/index.php\/wp-json\/wp\/v2\/comments?post=48"}],"version-history":[{"count":33,"href":"https:\/\/laurencebecker.com\/index.php\/wp-json\/wp\/v2\/pages\/48\/revisions"}],"predecessor-version":[{"id":514,"href":"https:\/\/laurencebecker.com\/index.php\/wp-json\/wp\/v2\/pages\/48\/revisions\/514"}],"wp:attachment":[{"href":"https:\/\/laurencebecker.com\/index.php\/wp-json\/wp\/v2\/media?parent=48"}],"curies":[{"name":"wp","href":"https:\/\/api.w.org\/{rel}","templated":true}]}}