{"id":55,"date":"2023-11-01T09:40:55","date_gmt":"2023-11-01T08:40:55","guid":{"rendered":"https:\/\/laurencebecker.com\/?page_id=55"},"modified":"2023-11-30T11:22:32","modified_gmt":"2023-11-30T10:22:32","slug":"participations","status":"publish","type":"page","link":"https:\/\/laurencebecker.com\/index.php\/participations\/","title":{"rendered":"Participations"},"content":{"rendered":"\n<h4 class=\"wp-block-heading has-text-align-right has-vivid-red-color has-text-color\"><strong>Au Royaume de R\u00ea<\/strong><\/h4>\n\n\n\n<p><\/p>\n\n\n\n<div class=\"wp-block-media-text alignwide is-stacked-on-mobile\" style=\"grid-template-columns:30% auto\"><figure class=\"wp-block-media-text__media\"><img loading=\"lazy\" decoding=\"async\" width=\"574\" height=\"598\" src=\"http:\/\/laurencebecker.com\/wp-content\/uploads\/2023\/11\/aar-couverture-2.png\" alt=\"\" class=\"wp-image-66 size-full\" srcset=\"https:\/\/laurencebecker.com\/wp-content\/uploads\/2023\/11\/aar-couverture-2.png 574w, https:\/\/laurencebecker.com\/wp-content\/uploads\/2023\/11\/aar-couverture-2-288x300.png 288w\" sizes=\"auto, (max-width: 574px) 100vw, 574px\" \/><\/figure><div class=\"wp-block-media-text__content\">\n<p><strong>Au royaume de R\u00ea<\/strong> (Version Livre Conte conte &#8211; 2023)<\/p>\n\n\n\n<p>Une histoire qui vous emporte dans l&rsquo;univers des dieux de l&rsquo;ancienne Egypte. Au format 1 h 15&Prime;, cette \u0153uvre est parfaitement adapt\u00e9e au jeune public et fascine les plus grands.<br>Patrick Odasso : Compositeur, co-auteur, clarinettiste et choriste<br>Solistes : Laurence Becker (Hathor), Samantha Peltier (N\u00e9manou), Guillaume Gosley (P\u00e9pi).<\/p>\n<\/div><\/div>\n\n\n\n<div class=\"wp-block-media-text alignwide is-stacked-on-mobile\" style=\"grid-template-columns:30% auto\"><figure class=\"wp-block-media-text__media\"><img loading=\"lazy\" decoding=\"async\" width=\"1007\" height=\"920\" src=\"http:\/\/laurencebecker.com\/wp-content\/uploads\/2023\/11\/received_354392343756442.jpeg\" alt=\"\" class=\"wp-image-270 size-full\" srcset=\"https:\/\/laurencebecker.com\/wp-content\/uploads\/2023\/11\/received_354392343756442.jpeg 1007w, https:\/\/laurencebecker.com\/wp-content\/uploads\/2023\/11\/received_354392343756442-300x274.jpeg 300w, https:\/\/laurencebecker.com\/wp-content\/uploads\/2023\/11\/received_354392343756442-768x702.jpeg 768w\" sizes=\"auto, (max-width: 1007px) 100vw, 1007px\" \/><\/figure><div class=\"wp-block-media-text__content\">\n<p><strong>Au royaume de R\u00ea<\/strong> (version CD &#8211; 2023)<\/p>\n\n\n\n<p>On y retrouve toutes les chansons et les musiques rock symphonique tir\u00e9e du livre conte. <br>Patrick Odasso : Compositeur, co-auteur, clarinettiste et choriste<br>Solistes : Laurence Becker (Hathor), Samantha Peltier (N\u00e9manou), Guillaume Gosley (P\u00e9pi).<\/p>\n<\/div><\/div>\n\n\n\n<div class=\"wp-block-media-text alignwide is-stacked-on-mobile\" style=\"grid-template-columns:30% auto\"><figure class=\"wp-block-media-text__media\"><img loading=\"lazy\" decoding=\"async\" width=\"1024\" height=\"1024\" src=\"http:\/\/laurencebecker.com\/wp-content\/uploads\/2023\/11\/20220923_215730-COLLAGE.jpg\" alt=\"\" class=\"wp-image-65 size-full\" srcset=\"https:\/\/laurencebecker.com\/wp-content\/uploads\/2023\/11\/20220923_215730-COLLAGE.jpg 1024w, https:\/\/laurencebecker.com\/wp-content\/uploads\/2023\/11\/20220923_215730-COLLAGE-300x300.jpg 300w, https:\/\/laurencebecker.com\/wp-content\/uploads\/2023\/11\/20220923_215730-COLLAGE-150x150.jpg 150w, https:\/\/laurencebecker.com\/wp-content\/uploads\/2023\/11\/20220923_215730-COLLAGE-768x768.jpg 768w\" sizes=\"auto, (max-width: 1024px) 100vw, 1024px\" \/><\/figure><div class=\"wp-block-media-text__content\">\n<p>L&rsquo;histoire :<br>Comme chaque soir, au Royaume de R\u00ea, le dieu supr\u00eame se pr\u00e9pare \u00e0 combattre Apopis, serpent des t\u00e9n\u00e8bres, afin que la lumi\u00e8re du jour puisse revenir au matin.<br>Seulement, pendant le rituel, deux jeunes dieux perdent leurs masques et leurs regards se croisent, ce qui est \u00e0 l&rsquo;encontre de la r\u00e8gle principale.<br>Manquant de perdre son combat, le dieu Soleil en col\u00e8re d\u00e9cide de les exiler sur Terre, chacun \u00e0 un bout de la plan\u00e8te. Cependant, Hathor d\u00e9cide de r\u00e9unir les amant s\u00e9par\u00e9s.<br>Mais comment faire pour ne pas \u00e9veiller les soup\u00e7ons de R\u00ea ?<\/p>\n<\/div><\/div>\n\n\n\n<div style=\"height:50px\" aria-hidden=\"true\" class=\"wp-block-spacer\"><\/div>\n\n\n\n<hr class=\"wp-block-separator has-text-color has-vivid-red-color has-alpha-channel-opacity has-vivid-red-background-color has-background is-style-wide\" style=\"margin-top:var(--wp--preset--spacing--20);margin-bottom:var(--wp--preset--spacing--20)\"\/>\n\n\n\n<h4 class=\"wp-block-heading has-text-align-right has-vivid-red-color has-text-color\"><strong>La f\u00eate \u00e0&#8230;<\/strong><\/h4>\n\n\n\n<div class=\"wp-block-media-text alignwide is-stacked-on-mobile\" style=\"grid-template-columns:25% auto\"><figure class=\"wp-block-media-text__media\"><img loading=\"lazy\" decoding=\"async\" width=\"560\" height=\"776\" src=\"http:\/\/laurencebecker.com\/wp-content\/uploads\/2023\/11\/BERG.jpg\" alt=\"\" class=\"wp-image-71 size-full\" srcset=\"https:\/\/laurencebecker.com\/wp-content\/uploads\/2023\/11\/BERG.jpg 560w, https:\/\/laurencebecker.com\/wp-content\/uploads\/2023\/11\/BERG-216x300.jpg 216w\" sizes=\"auto, (max-width: 560px) 100vw, 560px\" \/><\/figure><div class=\"wp-block-media-text__content\">\n<p><strong>F\u00eate \u00e0 Boris Bergman<\/strong> (2023)<br><\/p>\n\n\n\n<p>Encore un RDV m\u00e9morable. Sous l Sous les projecteurs, le parolier Boris Bergman, connu pour ses collaboration avec de grands noms de la chansons Fran\u00e7aise.<\/p>\n\n\n\n<p>La troupe, sous la direction de Samuel Leroy est compos\u00e9e de 7 chanteurs et 3 musiciens.<br>Chant : Laurence Becker, Kh\u00f4l, S\u00e9fora, Coline Rimot, Laurent Sint\u00e8s, R\u00e9gis Cunin, Fabrice Lherminez.<\/p>\n<\/div><\/div>\n\n\n\n<div class=\"wp-block-media-text alignwide has-media-on-the-right is-stacked-on-mobile\" style=\"grid-template-columns:auto 35%\"><div class=\"wp-block-media-text__content\">\n<p><strong>F\u00eate \u00e0 Jean Pierre Lang<\/strong> (2020)<\/p>\n\n\n\n<p>Concert des chansons de l&rsquo;auteur de \u00ab\u00a0Les Corons\u00a0\u00bb, \u00ab\u00a0Parlez moi de lui\u00a0\u00bb et bien d&rsquo;autres succ\u00e8s. <br>Laurence Becker, Laurent Sint\u00e8s et S\u00e9fora : chant <br>Samuel Leroy, Philippe Lars : musiciens<\/p>\n<\/div><figure class=\"wp-block-media-text__media\"><img loading=\"lazy\" decoding=\"async\" width=\"640\" height=\"480\" src=\"http:\/\/laurencebecker.com\/wp-content\/uploads\/2023\/11\/fete-a-jpl.jpg\" alt=\"\" class=\"wp-image-83 size-full\" srcset=\"https:\/\/laurencebecker.com\/wp-content\/uploads\/2023\/11\/fete-a-jpl.jpg 640w, https:\/\/laurencebecker.com\/wp-content\/uploads\/2023\/11\/fete-a-jpl-300x225.jpg 300w\" sizes=\"auto, (max-width: 640px) 100vw, 640px\" \/><\/figure><\/div>\n\n\n\n<div class=\"wp-block-media-text alignwide is-stacked-on-mobile\" style=\"grid-template-columns:25% auto\"><figure class=\"wp-block-media-text__media\"><img loading=\"lazy\" decoding=\"async\" width=\"429\" height=\"597\" src=\"http:\/\/laurencebecker.com\/wp-content\/uploads\/2023\/11\/DL.jpg\" alt=\"\" class=\"wp-image-90 size-full\" srcset=\"https:\/\/laurencebecker.com\/wp-content\/uploads\/2023\/11\/DL.jpg 429w, https:\/\/laurencebecker.com\/wp-content\/uploads\/2023\/11\/DL-216x300.jpg 216w\" sizes=\"auto, (max-width: 429px) 100vw, 429px\" \/><\/figure><div class=\"wp-block-media-text__content\">\n<p><strong>F\u00eate \u00e0 Pierre Delano\u00eb<\/strong> (2017)<\/p>\n\n\n\n<p>Concert d\u00e9di\u00e9 au c\u00e9l\u00e8bre parolier. <br>Des interpr\u00e9tations appr\u00e9ci\u00e9es par Claude Lemesle, Kitty B\u00e9caud et Pierre Denis Delano\u00eb, pr\u00e9sents \u00e0 cette f\u00eate.<\/p>\n<\/div><\/div>\n\n\n\n<div class=\"wp-block-media-text alignwide has-media-on-the-right is-stacked-on-mobile\" style=\"grid-template-columns:auto 25%\"><div class=\"wp-block-media-text__content\">\n<p><strong>La f\u00eate \u00e0 Claude Lemesle (2015)<\/strong><\/p>\n\n\n\n<p>Parolier fran\u00e7ais, il a \u00e9crit plusieurs succ\u00e8s populaires pour Joe Dassin, mais aussi Serge Reggiani, Isabelle Aubret, Michel Fugain et bien d&rsquo;autres encore.<\/p>\n\n\n\n<p>Sur Sc\u00e8ne, 5 musiciens et 5 chanteurs.<\/p>\n<\/div><figure class=\"wp-block-media-text__media\"><img loading=\"lazy\" decoding=\"async\" width=\"558\" height=\"713\" src=\"http:\/\/laurencebecker.com\/wp-content\/uploads\/2023\/11\/CL.jpg\" alt=\"\" class=\"wp-image-92 size-full\" srcset=\"https:\/\/laurencebecker.com\/wp-content\/uploads\/2023\/11\/CL.jpg 558w, https:\/\/laurencebecker.com\/wp-content\/uploads\/2023\/11\/CL-235x300.jpg 235w\" sizes=\"auto, (max-width: 558px) 100vw, 558px\" \/><\/figure><\/div>\n\n\n\n<div style=\"height:50px\" aria-hidden=\"true\" class=\"wp-block-spacer\"><\/div>\n\n\n\n<hr class=\"wp-block-separator has-text-color has-vivid-red-color has-alpha-channel-opacity has-vivid-red-background-color has-background is-style-wide\" style=\"margin-top:var(--wp--preset--spacing--30);margin-bottom:var(--wp--preset--spacing--30)\"\/>\n\n\n\n<div style=\"height:17px\" aria-hidden=\"true\" class=\"wp-block-spacer\"><\/div>\n\n\n\n<h4 class=\"wp-block-heading has-text-align-right has-vivid-red-color has-text-color\"><strong>Participation albums<\/strong><\/h4>\n\n\n\n<div class=\"wp-block-media-text alignwide is-stacked-on-mobile\" style=\"grid-template-columns:30% auto\"><figure class=\"wp-block-media-text__media\"><img loading=\"lazy\" decoding=\"async\" width=\"970\" height=\"980\" src=\"http:\/\/laurencebecker.com\/wp-content\/uploads\/2023\/11\/Screenshot_2023-11-02-09-20-00-75_40deb401b9ffe8e1df2f1cc5ba480b12.jpg\" alt=\"\" class=\"wp-image-140 size-full\" srcset=\"https:\/\/laurencebecker.com\/wp-content\/uploads\/2023\/11\/Screenshot_2023-11-02-09-20-00-75_40deb401b9ffe8e1df2f1cc5ba480b12.jpg 970w, https:\/\/laurencebecker.com\/wp-content\/uploads\/2023\/11\/Screenshot_2023-11-02-09-20-00-75_40deb401b9ffe8e1df2f1cc5ba480b12-297x300.jpg 297w, https:\/\/laurencebecker.com\/wp-content\/uploads\/2023\/11\/Screenshot_2023-11-02-09-20-00-75_40deb401b9ffe8e1df2f1cc5ba480b12-768x776.jpg 768w\" sizes=\"auto, (max-width: 970px) 100vw, 970px\" \/><\/figure><div class=\"wp-block-media-text__content\">\n<p><strong>Bonnes ondes <\/strong>(Album de R\u00e9gis Cunin)<br><br>Duos Laurence Becker &#8211; R\u00e9gis Cunin :<br>\u00ab\u00a0Chass\u00e9-crois\u00e9\u00a0\u00bb, \u00ab\u00a0Y&rsquo;a pas moyen\u00a0\u00bb, \u00ab\u00a0Roudoudou\u00a0\u00bb<\/p>\n<\/div><\/div>\n\n\n\n<div class=\"wp-block-media-text alignwide has-media-on-the-right is-stacked-on-mobile\" style=\"grid-template-columns:auto 30%\"><div class=\"wp-block-media-text__content\">\n<p><strong>Feu de paille<\/strong> (Album de R\u00e9gis Cunin)<\/p>\n\n\n\n<p>A l&rsquo;occasion du jubil\u00e9, 25 ans de sc\u00e8ne pour R\u00e9gis Cunin, ce concert est organis\u00e9 en d\u00e9cembre 2013. CD live sorti en 2018. Participation dans \u00ab\u00a0On vous l&rsquo;avait dit&rsquo;, \u00ab\u00a0Feu de paille\u00a0\u00bb, \u00ab\u00a0Moi, je \u00ab\u00a0, \u00ab\u00a0La chanson d\u00e9finition\u00a0\u00bb, \u00ab\u00a0Ce si\u00e8cle avait eux ans\u00a0\u00bb en duo avec Fr\u00e9d\u00e9ric Bobin, \u00ab\u00a0Chass\u00e9 crois\u00e9\u00a0\u00bb, \u00ab\u00a0Crimes et D\u00e9lices\u00a0\u00bb et \u00ab\u00a0B\u00e9cassine\u00a0\u00bb en trio R\u00e9gis Cunin et Florian Laconi<\/p>\n<\/div><figure class=\"wp-block-media-text__media\"><img loading=\"lazy\" decoding=\"async\" width=\"938\" height=\"832\" src=\"http:\/\/laurencebecker.com\/wp-content\/uploads\/2023\/11\/Screenshot_2023-11-02-09-20-29-16_40deb401b9ffe8e1df2f1cc5ba480b12.jpg\" alt=\"\" class=\"wp-image-141 size-full\" srcset=\"https:\/\/laurencebecker.com\/wp-content\/uploads\/2023\/11\/Screenshot_2023-11-02-09-20-29-16_40deb401b9ffe8e1df2f1cc5ba480b12.jpg 938w, https:\/\/laurencebecker.com\/wp-content\/uploads\/2023\/11\/Screenshot_2023-11-02-09-20-29-16_40deb401b9ffe8e1df2f1cc5ba480b12-300x266.jpg 300w, https:\/\/laurencebecker.com\/wp-content\/uploads\/2023\/11\/Screenshot_2023-11-02-09-20-29-16_40deb401b9ffe8e1df2f1cc5ba480b12-768x681.jpg 768w\" sizes=\"auto, (max-width: 938px) 100vw, 938px\" \/><\/figure><\/div>\n\n\n\n<div class=\"wp-block-media-text alignwide is-stacked-on-mobile\" style=\"grid-template-columns:30% auto\"><figure class=\"wp-block-media-text__media\"><img loading=\"lazy\" decoding=\"async\" width=\"999\" height=\"989\" src=\"http:\/\/laurencebecker.com\/wp-content\/uploads\/2023\/11\/Screenshot_2023-11-02-09-19-05-92_40deb401b9ffe8e1df2f1cc5ba480b12.jpg\" alt=\"\" class=\"wp-image-143 size-full\" srcset=\"https:\/\/laurencebecker.com\/wp-content\/uploads\/2023\/11\/Screenshot_2023-11-02-09-19-05-92_40deb401b9ffe8e1df2f1cc5ba480b12.jpg 999w, https:\/\/laurencebecker.com\/wp-content\/uploads\/2023\/11\/Screenshot_2023-11-02-09-19-05-92_40deb401b9ffe8e1df2f1cc5ba480b12-300x297.jpg 300w, https:\/\/laurencebecker.com\/wp-content\/uploads\/2023\/11\/Screenshot_2023-11-02-09-19-05-92_40deb401b9ffe8e1df2f1cc5ba480b12-768x760.jpg 768w\" sizes=\"auto, (max-width: 999px) 100vw, 999px\" \/><\/figure><div class=\"wp-block-media-text__content\">\n<p><strong>Eberlu\u00e9<\/strong> (Album de R\u00e9gis Cunin)<\/p>\n\n\n\n<p>Duos Laurence Becker\/R\u00e9gis Cunin :<br>\u00ab\u00a0Perdre pied\u00a0\u00bb, \u00ab\u00a0Je ne fais pas mon \u00e2ge\u00a0\u00bb, Bricoles\u00a0\u00bb, \u00ab\u00a0Courrier du corps\u00a0\u00bb<\/p>\n<\/div><\/div>\n\n\n\n<div class=\"wp-block-media-text alignwide has-media-on-the-right is-stacked-on-mobile\" style=\"grid-template-columns:auto 30%\"><div class=\"wp-block-media-text__content\">\n<p><strong>Chansons bancroches<\/strong> (Album de R\u00e9gis Cunin)<\/p>\n\n\n\n<p>Enregistrement de \u00ab\u00a0Crimes et d\u00e9lices\u00a0\u00bb en trio : Laurence Becker, Florian Laconi et R\u00e9gis Cunin<\/p>\n<\/div><figure class=\"wp-block-media-text__media\"><img loading=\"lazy\" decoding=\"async\" width=\"957\" height=\"920\" src=\"http:\/\/laurencebecker.com\/wp-content\/uploads\/2023\/11\/Screenshot_2023-11-02-09-19-37-27_40deb401b9ffe8e1df2f1cc5ba480b12.jpg\" alt=\"\" class=\"wp-image-144 size-full\" srcset=\"https:\/\/laurencebecker.com\/wp-content\/uploads\/2023\/11\/Screenshot_2023-11-02-09-19-37-27_40deb401b9ffe8e1df2f1cc5ba480b12.jpg 957w, https:\/\/laurencebecker.com\/wp-content\/uploads\/2023\/11\/Screenshot_2023-11-02-09-19-37-27_40deb401b9ffe8e1df2f1cc5ba480b12-300x288.jpg 300w, https:\/\/laurencebecker.com\/wp-content\/uploads\/2023\/11\/Screenshot_2023-11-02-09-19-37-27_40deb401b9ffe8e1df2f1cc5ba480b12-768x738.jpg 768w\" sizes=\"auto, (max-width: 957px) 100vw, 957px\" \/><\/figure><\/div>\n","protected":false},"excerpt":{"rendered":"<p>Au Royaume de R\u00ea Au royaume de R\u00ea (Version Livre Conte conte &#8211; 2023) Une histoire qui vous emporte dans l&rsquo;univers des dieux de l&rsquo;ancienne Egypte. Au format 1 h 15&Prime;, cette \u0153uvre est parfaitement adapt\u00e9e au jeune public et fascine les plus grands.Patrick Odasso : Compositeur, co-auteur, clarinettiste et choristeSolistes : Laurence Becker (Hathor), [&hellip;]<\/p>\n","protected":false},"author":1,"featured_media":0,"parent":0,"menu_order":7,"comment_status":"closed","ping_status":"closed","template":"","meta":{"footnotes":""},"class_list":["post-55","page","type-page","status-publish","hentry"],"_links":{"self":[{"href":"https:\/\/laurencebecker.com\/index.php\/wp-json\/wp\/v2\/pages\/55","targetHints":{"allow":["GET"]}}],"collection":[{"href":"https:\/\/laurencebecker.com\/index.php\/wp-json\/wp\/v2\/pages"}],"about":[{"href":"https:\/\/laurencebecker.com\/index.php\/wp-json\/wp\/v2\/types\/page"}],"author":[{"embeddable":true,"href":"https:\/\/laurencebecker.com\/index.php\/wp-json\/wp\/v2\/users\/1"}],"replies":[{"embeddable":true,"href":"https:\/\/laurencebecker.com\/index.php\/wp-json\/wp\/v2\/comments?post=55"}],"version-history":[{"count":31,"href":"https:\/\/laurencebecker.com\/index.php\/wp-json\/wp\/v2\/pages\/55\/revisions"}],"predecessor-version":[{"id":276,"href":"https:\/\/laurencebecker.com\/index.php\/wp-json\/wp\/v2\/pages\/55\/revisions\/276"}],"wp:attachment":[{"href":"https:\/\/laurencebecker.com\/index.php\/wp-json\/wp\/v2\/media?parent=55"}],"curies":[{"name":"wp","href":"https:\/\/api.w.org\/{rel}","templated":true}]}}